{"id":251,"date":"2023-08-01T05:50:34","date_gmt":"2023-08-01T05:50:34","guid":{"rendered":"https:\/\/www.medicatlos.sk\/?page_id=251"},"modified":"2025-03-11T08:04:06","modified_gmt":"2025-03-11T08:04:06","slug":"cennik","status":"publish","type":"page","link":"https:\/\/www.medicatlos.sk\/?page_id=251","title":{"rendered":"Cennik"},"content":{"rendered":"\n<p class=\"has-large-font-size\"><strong>Mgr. J\u00e1n \u010catlo\u0161, MBA, LL.M.<\/strong> &#8211; MediCatlos.sk<\/p>\n\n\n\n<h2 class=\"wp-block-heading\"><strong><em>Cenn\u00edk na\u0161ich slu\u017eieb<\/em><\/strong><\/h2>\n\n\n\n<ul class=\"wp-block-list\">\n<li style=\"font-size:1.3rem\">Nez\u00e1v\u00e4zn\u00e1 <strong>predmedia\u010dn\u00e1 konzult\u00e1cia<\/strong> &#8230;&#8230;&#8230;&#8230;&#8230;&#8230;&#8230;&#8230;&#8230;&#8230;&#8230;&#8230;&#8230;&#8230;&#8230;&#8230;. 35,- \u20ac \/ h<\/li>\n\n\n\n<li style=\"font-size:1.3rem\">Nez\u00e1v\u00e4zn\u00e1 <strong>predmedia\u010dn\u00e1 konzult\u00e1cia &#8211; telefonick\u00e1<\/strong> &#8230;&#8230;&#8230;&#8230;&#8230;&#8230;&#8230; 20,- \u20ac \/ h<\/li>\n<\/ul>\n\n\n\n<ul class=\"wp-block-list\">\n<li style=\"font-size:1.3rem\"><strong>Zaslanie ponuky<\/strong> na medi\u00e1ciu druhej strane &#8230;&#8230;&#8230;&#8230;&#8230;&#8230;&#8230;&#8230;&#8230;&#8230;&#8230;&#8230;&#8230;&#8230;. 15,- \u20ac<\/li>\n<\/ul>\n\n\n\n<ul class=\"wp-block-list\">\n<li style=\"font-size:1.3rem\">Medi\u00e1cia &#8211; <strong>Ob\u010dan <\/strong>(FO) &#8211;<strong> nemajetkov\u00e9<\/strong> spory &#8230;&#8230;&#8230;&#8230;&#8230;&#8230;&#8230;&#8230;&#8230;&#8230;&#8230;&#8230;&#8230;. 30,- \u20ac \/ h \/ stranu sporu<\/li>\n\n\n\n<li style=\"font-size:1.3rem\">Medi\u00e1cia &#8211; <strong>Ob\u010dan<\/strong> (FO) &#8211; <strong>majetkov\u00e9<\/strong> spory &#8230;&#8230;&#8230;&#8230;&#8230;&#8230;&#8230;&#8230;&#8230;&#8230;&#8230;&#8230;&#8230;&#8230;&#8230; 35,- \u20ac \/ h \/ stranu sporu<\/li>\n<\/ul>\n\n\n\n<ul class=\"wp-block-list\">\n<li style=\"font-size:1.3rem\">Medi\u00e1cia &#8211; <strong>Podnikate\u013e<\/strong> &#8211;<strong> nemajetkov\u00e9<\/strong> spory &#8230;&#8230;&#8230;&#8230;&#8230;&#8230;&#8230;&#8230;&#8230;&#8230;&#8230;&#8230;&#8230;. 55,- \u20ac \/ h \/ stranu sporu<\/li>\n\n\n\n<li style=\"font-size:1.3rem\">Medi\u00e1cia &#8211; <strong>Podnikate\u013e<\/strong> &#8211;<strong> majet.<\/strong> spory <strong>do 80 000<\/strong>,- \u20ac (vr\u00e1tane) &#8230;&#8230;.. 70,- \u20ac \/ h \/ stranu sporu<\/li>\n\n\n\n<li style=\"font-size:1.3rem\">Medi\u00e1cia &#8211; <strong>Podnikate\u013e<\/strong> &#8211;<strong> majet.<\/strong> spory od 80 000 <strong>do 150 000<\/strong>,- \u20ac &#8230; 95,- \u20ac \/ h \/ stranu sporu<\/li>\n\n\n\n<li style=\"font-size:1.3rem\">Medi\u00e1cia &#8211; <strong>Podnikate\u013e<\/strong> &#8211;<strong> majetkov\u00e9<\/strong> spory <strong>nad 150 000<\/strong>,- \u20ac &#8230;&#8230;&#8230;&#8230; 0,7 % hodnoty sporu \/ stranu sporu<\/li>\n<\/ul>\n\n\n\n<ul class=\"wp-block-list\">\n<li style=\"font-size:1.3rem\">Vypracovanie <strong>media\u010dnej dohody<\/strong> pre <strong>nemajetkov\u00e9<\/strong> spory &#8230;&#8230;&#8230;&#8230;&#8230; 40,- \u20ac \/ stranu sporu<\/li>\n\n\n\n<li style=\"font-size:1.3rem\">Vypracovanie <strong>media\u010dnej dohody<\/strong> pre <strong>majetkov\u00e9<\/strong> spory &#8230;&#8230;&#8230;&#8230;&#8230;&#8230;.. 80,- \u20ac \/ stranu sporu<\/li>\n<\/ul>\n\n\n\n<ul class=\"wp-block-list\">\n<li style=\"font-size:1.3rem\">Vystavenie individu\u00e1lneho <strong>potvrdenia<\/strong> oh\u013eadom media\u010d. procesu &#8230;.. cena dohodou pod\u013ea rozsahu<\/li>\n\n\n\n<li style=\"font-size:1.3rem\">Uzavretie media\u010dnej dohody formou <strong>not\u00e1rskej z\u00e1pisnice<\/strong> &#8230;&#8230;&#8230;&#8230;&#8230;&#8230; okrem sadzby pod\u013ea typu sporu aj odmena not\u00e1rovi stanoven\u00e1 <a href=\"http:\/\/www.medicatlos.sk\/wp-content\/uploads\/2024\/01\/ZZ_1993_31_20240101_2024_str7.pdf\" target=\"_blank\" rel=\"noreferrer noopener\">Polo\u017ekou A<\/a> pr\u00edlohy k <a href=\"https:\/\/www.slov-lex.sk\/pravne-predpisy\/SK\/ZZ\/1993\/31\/20240101\" target=\"_blank\" rel=\"noreferrer noopener\">Vyhl\u00e1\u0161ke 31\/1993<\/a> MS SR, rozdelen\u00e1 medzi \u00fa\u010dastn\u00edkov media\u010dn\u00e9ho konania. T\u00e1to forma d\u00e1va Media\u010dnej dohode<strong> EXEKU\u010cN\u00dd titul<\/strong>.<\/li>\n<\/ul>\n\n\n\n<ul class=\"wp-block-list\">\n<li style=\"font-size:1.3rem\">Cestovn\u00e9 n\u00e1klady v pr\u00edpade <strong>rokovania mimo Bratislavy<\/strong> &#8230;&#8230;&#8230;&#8230;&#8230;&#8230;. 0,22 \u20ac \/ km \/ stranu sporu (cestovn\u00e9 n\u00e1klady sa pripo\u010d\u00edtaj\u00fa k cene medi\u00e1cie)<\/li>\n<\/ul>\n\n\n\n<ul class=\"wp-block-list\">\n<li style=\"font-size:1.3rem\">Vedenie medi\u00e1cie v <strong>anglickom <\/strong>jazyku &#8211; <strong>nemajetkov\u00e9 <\/strong>spory &#8230;&#8230;&#8230;&#8230;. 1,4 n\u00e1sobok pr\u00edslu\u0161nej ceny<\/li>\n\n\n\n<li style=\"font-size:1.3rem\">Vedenie medi\u00e1cie v <strong>anglickom <\/strong>jazyku &#8211; <strong>majetkov\u00e9 <\/strong>spory &#8230;&#8230;&#8230;&#8230;&#8230;&#8230; 1,6 n\u00e1sobok pr\u00edslu\u0161nej ceny<\/li>\n\n\n\n<li style=\"font-size:1.3rem\"><strong>Zaslanie ponuky<\/strong> na medi\u00e1ciu druhej strane v <strong>anglickom <\/strong>jazyku &#8230;.. 30,- \u20ac<\/li>\n\n\n\n<li style=\"font-size:1.3rem\">Prevedenie <strong>media\u010dnej dohody do anglickej<\/strong> verzie &#8230;&#8230;&#8230;&#8230;&#8230;&#8230;&#8230;&#8230;&#8230;.. 25,- \u20ac \/ normostranu<\/li>\n<\/ul>\n\n\n\n<p>Na\u0161ou snahou je motivova\u0165 \u00fa\u010dastn\u00edkov medi\u00e1cie k forme vz\u00e1jomnej medi\u00e1cie. Ak by v\u0161ak \u00fa\u010dastn\u00edci uprednost\u0148ovali v\u00fdslovne <strong>oddelen\u00fa medi\u00e1ciu<\/strong>, hodinov\u00e1 sadzba takejto medi\u00e1cie je <strong>1,5 n\u00e1sobok<\/strong> hodinovej sadzby medi\u00e1cie odpovedaj\u00faceho typu.<\/p>\n\n\n\n<p>Platbu je mo\u017en\u00e9 realizova\u0165:<\/p>\n\n\n\n<ul class=\"wp-block-list\">\n<li><strong>v hotovosti<\/strong> na media\u010dnom stretnut\u00ed (\u00fa\u010dtovan\u00e9 sumy sa zaokr\u00fah\u013euj\u00fa na cel\u00e9 eur\u00e1)<\/li>\n\n\n\n<li><strong>vopred prevodom <\/strong>na bankov\u00fd \u00fa\u010det uveden\u00fd v kontaktoch<\/li>\n\n\n\n<li>po dohode formou <strong>fakt\u00fary<\/strong> &#8211; pokia\u013e je \u00fa\u010dastn\u00edkom medi\u00e1cie podnikate\u013esk\u00fd subjekt<\/li>\n\n\n\n<li>V pr\u00edpade telefonickej <strong>predmedia\u010dnej konzult\u00e1cie<\/strong> je potrebn\u00e9 platbu <strong>uhradi\u0165 vopred<\/strong> na bankov\u00fd \u00fa\u010det medi\u00e1tora.<\/li>\n<\/ul>\n\n\n\n<p><strong>Hodinou <\/strong>sa v tomto cenn\u00edku mysl\u00ed ka\u017ed\u00e1 za\u010dat\u00e1 hodina. Pokia\u013e jedna <strong>strana sporu<\/strong> zah\u0155\u0148a napr\u00edklad 3 osoby, cena je spolu za v\u0161etk\u00fdch troch.<\/p>\n\n\n\n<p><strong>Media\u010dnou dohodou<\/strong> sa mysl\u00ed v\u00fdsledn\u00e1 media\u010dn\u00e1 dohoda, ktor\u00e1 obsahuje d\u00f4le\u017eit\u00e9 inform\u00e1cie o spore, \u010falej v\u0161etky body na ktor\u00fdch sa \u00fa\u010dastn\u00edci medi\u00e1cie dohodli, a tie\u017e \u010fal\u0161ie n\u00e1le\u017eitosti, ktor\u00e9 maj\u00fa vplyv na naplnenie media\u010dnej dohody.<\/p>\n\n\n\n<p><strong>Ceny s\u00fa kone\u010dn\u00e9<\/strong>, nie som platite\u013eom DPH. Uveden\u00e9 ceny m\u00f4\u017eu by\u0165 <strong>po dohode<\/strong> upraven\u00e9. Ceny, ktor\u00e9 nie s\u00fa stanoven\u00e9 t\u00fdmto cenn\u00edkom, bud\u00fa stanoven\u00e9 <strong>individu\u00e1lne<\/strong>.<\/p>\n\n\n\n\n\n<p>V pr\u00edpade z\u00e1ujmu o Medi\u00e1ciu sa na n\u00e1s m\u00f4\u017eete obr\u00e1ti\u0165 prostredn\u00edctvom <strong><a href=\"https:\/\/www.medicatlos.sk\/?page_id=58\">kontaktov<\/a><\/strong> uveden\u00fdch na na\u0161ej str\u00e1nke.<\/p>\n","protected":false},"excerpt":{"rendered":"<p>Mgr. J\u00e1n \u010catlo\u0161, MBA, LL.M. &#8211; MediCatlos.sk Cenn\u00edk na\u0161ich slu\u017eieb Na\u0161ou snahou je motivova\u0165 \u00fa\u010dastn\u00edkov medi\u00e1cie k forme vz\u00e1jomnej medi\u00e1cie. Ak by v\u0161ak \u00fa\u010dastn\u00edci uprednost\u0148ovali v\u00fdslovne oddelen\u00fa medi\u00e1ciu, hodinov\u00e1 sadzba takejto medi\u00e1cie je 1,5 n\u00e1sobok hodinovej sadzby medi\u00e1cie odpovedaj\u00faceho typu. Platbu je mo\u017en\u00e9 realizova\u0165: Hodinou sa v tomto cenn\u00edku mysl\u00ed ka\u017ed\u00e1 za\u010dat\u00e1 hodina. Pokia\u013e jedna [&hellip;]<\/p>\n","protected":false},"author":1,"featured_media":0,"parent":0,"menu_order":0,"comment_status":"closed","ping_status":"closed","template":"page-large-header","meta":{"footnotes":""},"class_list":["post-251","page","type-page","status-publish","hentry"],"_links":{"self":[{"href":"https:\/\/www.medicatlos.sk\/index.php?rest_route=\/wp\/v2\/pages\/251","targetHints":{"allow":["GET"]}}],"collection":[{"href":"https:\/\/www.medicatlos.sk\/index.php?rest_route=\/wp\/v2\/pages"}],"about":[{"href":"https:\/\/www.medicatlos.sk\/index.php?rest_route=\/wp\/v2\/types\/page"}],"author":[{"embeddable":true,"href":"https:\/\/www.medicatlos.sk\/index.php?rest_route=\/wp\/v2\/users\/1"}],"replies":[{"embeddable":true,"href":"https:\/\/www.medicatlos.sk\/index.php?rest_route=%2Fwp%2Fv2%2Fcomments&post=251"}],"version-history":[{"count":93,"href":"https:\/\/www.medicatlos.sk\/index.php?rest_route=\/wp\/v2\/pages\/251\/revisions"}],"predecessor-version":[{"id":501,"href":"https:\/\/www.medicatlos.sk\/index.php?rest_route=\/wp\/v2\/pages\/251\/revisions\/501"}],"wp:attachment":[{"href":"https:\/\/www.medicatlos.sk\/index.php?rest_route=%2Fwp%2Fv2%2Fmedia&parent=251"}],"curies":[{"name":"wp","href":"https:\/\/api.w.org\/{rel}","templated":true}]}}