{"id":346,"date":"2023-08-08T05:55:08","date_gmt":"2023-08-08T05:55:08","guid":{"rendered":"https:\/\/www.medicatlos.sk\/?page_id=346"},"modified":"2024-12-04T17:33:50","modified_gmt":"2024-12-04T17:33:50","slug":"dolezite-info","status":"publish","type":"page","link":"https:\/\/www.medicatlos.sk\/?page_id=346","title":{"rendered":"Dolezite informacie"},"content":{"rendered":"\n<p class=\"has-large-font-size\"><strong>Mgr. J\u00e1n \u010catlo\u0161, MBA, LL.M.<\/strong> &#8211; MediCatlos.sk<\/p>\n\n\n\n<h2 class=\"wp-block-heading\"><strong><em>D\u00f4le\u017eit\u00e9 inform\u00e1cie<\/em><\/strong><\/h2>\n\n\n\n<p class=\"has-large-font-size\"><strong><em>s&nbsp;ktor\u00fdmi je potrebn\u00e9 sa obozn\u00e1mi\u0165 e\u0161te pred za\u010dat\u00edm medi\u00e1cie<\/em><\/strong><\/p>\n\n\n\n<ol class=\"wp-block-list\">\n<li><strong>Medi\u00e1cia <\/strong>je mimos\u00fadna \u010dinnos\u0165, pri ktorej \u00da\u010dastn\u00edci medi\u00e1cie <strong>za pomoci medi\u00e1tora<\/strong> rie\u0161ia spor, ktor\u00fd vznikol z ich zmluvn\u00e9ho alebo in\u00e9ho pr\u00e1vneho vz\u0165ahu. Ni\u017e\u0161ie opisujeme ako m\u00f4\u017ee vyzera\u0165 medi\u00e1cia (<strong>vzorov\u00fd priebeh medi\u00e1cie<\/strong>).<\/li>\n\n\n\n<li><strong>Medi\u00e1cia <\/strong>alebo media\u010dn\u00e9 konanie je proces <strong>dobrovo\u013en\u00fd<\/strong>, ktor\u00fd je veden\u00fd ako rozhovor <strong>riaden\u00fd <\/strong>medi\u00e1torom, po\u010das ktor\u00e9ho \u00da\u010dastn\u00edci medi\u00e1cie vyjadruj\u00fa svoje n\u00e1zory a&nbsp;predstavy o&nbsp;vyrie\u0161en\u00ed konfliktu. Medi\u00e1tor, re\u0161pektuj\u00fac tieto n\u00e1zory, vytv\u00e1ra podmienky pre <strong>vz\u00e1jomn\u00fa komunik\u00e1ciu<\/strong> \u00da\u010dastn\u00edkov medi\u00e1cie a&nbsp;pre zmierliv\u00e9 rie\u0161enie, ktor\u00e9 bude zoh\u013ead\u0148ova\u0165 ich z\u00e1ujmy. Medi\u00e1tor si po\u010das riadenia rozhovoru, za \u00fa\u010delom dosiahnutia dohody, vyhradzuje pr\u00e1vo ude\u013eova\u0165 slovo \u00da\u010dastn\u00edkom medi\u00e1cie. Medi\u00e1tor s\u00e1m o&nbsp;spore nerozhoduje, ani nen\u00fati \u00da\u010dastn\u00edkov medi\u00e1cie aby prijali n\u00edm navrhovan\u00e9 rie\u0161enie sporu.<\/li>\n\n\n\n<li><strong>Media\u010dn\u00e9 konanie je neverejn\u00e9<\/strong>. Na medi\u00e1ci\u00ed m\u00f4\u017eu by\u0165 okrem \u00da\u010dastn\u00edkov konania a&nbsp;medi\u00e1tora pr\u00edtomn\u00e9 len tie osoby, s&nbsp;ktor\u00fdch pr\u00edtomnos\u0165ou s\u00fahlasia \u00da\u010dastn\u00edci konania ako aj medi\u00e1tor.<\/li>\n\n\n\n<li>Medi\u00e1tor, \u00da\u010dastn\u00edci medi\u00e1cie a in\u00e9 fyzick\u00e9 osoby prizvan\u00e9 medi\u00e1torom alebo jedn\u00fdm z \u00da\u010dastn\u00edkov medi\u00e1cie k medi\u00e1cii s\u00fa povinn\u00e9, ak sa strany nedohodn\u00fa inak, <strong>zachov\u00e1va\u0165 ml\u010danlivos\u0165<\/strong> o v\u0161etk\u00fdch skuto\u010dnostiach, ktor\u00e9 sa dozvedeli v s\u00favislosti s\u00a0medi\u00e1ciou. Z toho d\u00f4vodu nie je mo\u017en\u00e9 zo stretnutia vyhotovova\u0165 \u017eiadne zvukov\u00e9 ani obrazov\u00e9\/video z\u00e1znamy, ani nie je mo\u017en\u00e9 jeho priebeh pren\u00e1\u0161a\u0165 na dia\u013eku. Ustanovenia osobitn\u00fdch predpisov, uveden\u00fdch v\u00a0Z\u00e1kone o\u00a0medi\u00e1cii, t\u00fdmto nie s\u00fa dotknut\u00e9.<\/li>\n\n\n\n<li><strong>Medi\u00e1torom <\/strong>je fyzick\u00e1 osoba zap\u00edsan\u00e1 <strong>v registri medi\u00e1torov<\/strong>, vedenom Ministerstvom spravodlivosti Slovenskej Republiky, na ktorej sa \u00da\u010dastn\u00edci medi\u00e1cie dohodn\u00fa, a ktor\u00e1 s&nbsp;\u00da\u010dastn\u00edkmi medi\u00e1cie uzavrie dohodu o za\u010dat\u00ed medi\u00e1cie pod\u013ea Z\u00e1kona o&nbsp;medi\u00e1cii.<\/li>\n\n\n\n<li><strong>Medi\u00e1tor je nez\u00e1visl\u00fd a nestrann\u00fd<\/strong>, pri\u010dom je povinn\u00fd bez zbyto\u010dn\u00e9ho odkladu informova\u0165 \u00da\u010dastn\u00edkov medi\u00e1cie o v\u0161etk\u00fdch skuto\u010dnostiach, pre ktor\u00e9 by mohol by\u0165 z v\u00fdkonu medi\u00e1cie vyl\u00fa\u010den\u00fd, ak so zrete\u013eom na jeho pomer k veci alebo k&nbsp;\u00da\u010dastn\u00edkom medi\u00e1cie alebo k ich z\u00e1stupcom mo\u017eno ma\u0165 pochybnosti o jeho nezaujatosti. Rovnako maj\u00fa aj \u00da\u010dastn\u00edci medi\u00e1cie uvies\u0165 ak\u00e9ko\u013evek skuto\u010dnosti, pre ktor\u00e9 by mohli vznikn\u00fa\u0165 pochybnosti o&nbsp;jeho zaujatosti.<\/li>\n\n\n\n<li>Medi\u00e1tor nem\u00f4\u017ee vykona\u0165 medi\u00e1ciu v spore, ak v tom istom spore alebo v spore s n\u00edm s\u00favisiacom poskytol pr\u00e1vne slu\u017eby, not\u00e1rske slu\u017eby alebo poradenstvo a odborn\u00fa pomoc inej osobe, ktorej z\u00e1ujmy s\u00fa v rozpore so z\u00e1ujmami toho, kto o vykonanie medi\u00e1cie \u017eiada. Rovnako medi\u00e1tor nem\u00f4\u017ee vykona\u0165 medi\u00e1ciu v spore, ak s\u00fa jeho z\u00e1ujmy alebo z\u00e1ujmy os\u00f4b jemu bl\u00edzkych v rozpore so z\u00e1ujmami os\u00f4b, ktor\u00e9 o vykonanie medi\u00e1cie \u017eiadaj\u00fa.<\/li>\n\n\n\n<li><strong>Medi\u00e1tor vedie knihu medi\u00e1ci\u00ed<\/strong>, v r\u00e1mci ktorej je uveden\u00e1 preh\u013eadn\u00e1 evidencia vykonan\u00fdch medi\u00e1ci\u00ed.<\/li>\n\n\n\n<li><strong>Dohoda o&nbsp;za\u010dat\u00ed medi\u00e1cie<\/strong> alebo inak aj<strong> Dohoda o rie\u0161en\u00ed sporu medi\u00e1ciou <\/strong>je p\u00edsomn\u00e1 dohoda medzi \u00da\u010dastn\u00edkmi medi\u00e1cie o tom, \u017ee v\u0161etky alebo niektor\u00e9 spory, ktor\u00e9 medzi nimi vznikli alebo vznikn\u00fa, sa pok\u00fasia vyrie\u0161i\u0165 medi\u00e1ciou. S\u00fa\u010das\u0165ou tejto dohody je aj v\u00fd\u0161ka odmeny medi\u00e1tora a sp\u00f4sob jej ur\u010denia.<\/li>\n\n\n\n<li><strong>Media\u010dn\u00e1 dohoda <\/strong>alebo inak aj Dohoda o&nbsp;medi\u00e1ci\u00ed je dohodou, ktor\u00e1 vznikla ako <strong>v\u00fdsledok medi\u00e1cie<\/strong>, m\u00e1 p\u00edsomn\u00fa formu a je<strong> pre \u00da\u010dastn\u00edkov medi\u00e1cie z\u00e1v\u00e4zn\u00e1<\/strong>. V&nbsp;pr\u00edpade, \u017ee je tak\u00e1to dohoda sp\u00edsan\u00e1 vo forme <strong>not\u00e1rskej z\u00e1pisnice<\/strong>, nadob\u00fada <strong>exeku\u010dn\u00fd titul<\/strong>.<\/li>\n\n\n\n<li><strong>Trvanie medi\u00e1cie<\/strong>, vyzna\u010den\u00e9 z\u00e1pisom v knihe medi\u00e1ci\u00ed, m\u00e1 <strong>pre plynutie preml\u010dacej lehoty a z\u00e1nik pr\u00e1va<\/strong> rovnak\u00e9 pr\u00e1vne \u00fa\u010dinky <strong>ako uplatnenie pr\u00e1va na s\u00fade<\/strong> (Z\u00e1kon o medi\u00e1cii \u00a7 14 ods. 2).<\/li>\n\n\n\n<li>Medi\u00e1ciu je mo\u017en\u00e9 <strong>ukon\u010di\u0165 aj bez uzatvorenia Media\u010dnej dohody<\/strong>, a&nbsp;to okrem in\u00e9ho aj <strong>p\u00edsomn\u00fdm vyhl\u00e1sen\u00edm<\/strong> niektor\u00e9ho z&nbsp;\u00da\u010dastn\u00edkov medi\u00e1cie o&nbsp;skon\u010den\u00ed medi\u00e1cie. V\u0161etky sp\u00f4soby skon\u010denia medi\u00e1cie s\u00fa uveden\u00e9 v&nbsp;odseku 8 paragrafu 14 Z\u00e1kona o&nbsp;medi\u00e1cii.<\/li>\n\n\n\n<li>V pr\u00edpade, \u017ee predmet medi\u00e1cie, media\u010dn\u00e1 dohoda, alebo jej \u010das\u0165 m\u00e1 <strong>dopad na in\u00e9 konanie<\/strong> (napr\u00edklad katastr\u00e1lne) a \u00fa\u010dastn\u00edkovi medi\u00e1cie vypl\u00fdva povinnos\u0165 informova\u0165 o v\u00fdsledku medi\u00e1cie pr\u00edslu\u0161n\u00fd \u00farad resp. predlo\u017ei\u0165 na tento \u00farad konkr\u00e9tne dokumenty, je \u00fa\u010dastn\u00edk medi\u00e1cie povinn\u00fd si t\u00fato povinnos\u0165 bezodkladne splni\u0165. Z\u00e1rove\u0148 \u00fa\u010dastn\u00edk medi\u00e1cie o tejto povinnosti informuje medi\u00e1tora, a to najnesk\u00f4r pred pr\u00edpravou Media\u010dnej dohody.<\/li>\n<\/ol>\n\n\n\n<p class=\"has-large-font-size\"><strong><em>Vzorov\u00fd priebeh medi\u00e1cie:<\/em><\/strong><\/p>\n\n\n\n<ul class=\"wp-block-list\">\n<li><em>Inici\u00e1tor<\/em> (osoba, ktor\u00e1 m\u00e1 z\u00e1ujem vyrie\u0161i\u0165 spor formou medi\u00e1cie) \u2013 Objasnenie si, \u010do to vlastne je medi\u00e1cia a to bu\u010f <strong>pre\u0161tudovan\u00edm <\/strong>si t\u00fdchto d\u00f4le\u017eit\u00fdch inform\u00e1ci\u00ed, alebo absolvovan\u00edm predmedia\u010dnej konzult\u00e1cie v zmysle n\u00e1\u0161ho cenn\u00edka.<\/li>\n\n\n\n<li><em>Inici\u00e1tor<\/em> \u2013 Vyplnenie tla\u010diva <strong>\u017eiadosti <\/strong>o medi\u00e1ciu (<a href=\"http:\/\/www.medicatlos.sk\/wp-content\/uploads\/2024\/04\/Ziadost_Tlacivo.docx\">docx<\/a> \/ <a href=\"http:\/\/www.medicatlos.sk\/wp-content\/uploads\/2024\/04\/Ziadost_Tlacivo.pdf\" target=\"_blank\" rel=\"noreferrer noopener\">pdf<\/a>) a jej odoslanie medi\u00e1torovi (po\u0161tou \/ sken emailom \/ osobne). Zaslanie \u017eiadosti znamen\u00e1 s\u00fahlas s t\u00fdm, aby medi\u00e1tor kontaktoval respondenta a dohodol s n\u00edm \u00favodn\u00e9 media\u010dn\u00e9 stretnutie<\/li>\n\n\n\n<li><em>Medi\u00e1tor<\/em> \u2013 <strong>kontaktovanie druhej<\/strong> strany (respondenta) za \u00fa\u010delom pozvania na \u00favodn\u00e9 media\u010dn\u00e9 stretnutie<\/li>\n\n\n\n<li><em>Respondent<\/em>\n<ul class=\"wp-block-list\">\n<li>Akceptovanie pozvania \u2013 <strong>odpove\u010f <\/strong>medi\u00e1torovi a dohoda oh\u013eadom term\u00ednu stretnutia<\/li>\n\n\n\n<li>Neakceptovanie pozvania. V pr\u00edpade neakceptovania samotn\u00e1 medi\u00e1cia v zmysle z\u00e1kona ani neza\u010d\u00edna, a preto z nej nevypl\u00fdvaj\u00fa \u017eiadne pr\u00e1va a ani povinnosti. O tejto skuto\u010dnosti m\u00f4\u017ee medi\u00e1tor na po\u017eiadanie vystavi\u0165 potvrdenie (cena pod\u013ea cenn\u00edka).<\/li>\n<\/ul>\n<\/li>\n\n\n\n<li><em>V\u0161etky strany<\/em> \u2013 <strong>\u00favodn\u00e9 media\u010dn\u00e9 stretnutie<\/strong>, kde s\u00fa obidve strany sporu obozn\u00e1men\u00e9 s procesom medi\u00e1cie (v zmysle z\u00e1kona) a n\u00e1sledne podp\u00ed\u0161u s medi\u00e1torom Dohodu o za\u010dat\u00ed medi\u00e1cie. Na z\u00e1klade podpisu dohody medi\u00e1tor zazna\u010d\u00ed za\u010diatok media\u010dn\u00e9ho procesu z\u00e1pisom do knihy medi\u00e1ci\u00ed, \u010d\u00edm za\u010d\u00edna samotn\u00e1 medi\u00e1cia. Bezprostredne potom nasleduje rozhovor o predmete sporu riaden\u00fd medi\u00e1torom.<\/li>\n\n\n\n<li><em>V\u0161etky strany<\/em>\n<ul class=\"wp-block-list\">\n<li>Dosiahnutie dohody v procese medi\u00e1cie (pre dosiahnutie dohody je \u010dasto potrebn\u00fdch nieko\u013eko media\u010dn\u00fdch stretnut\u00ed) \u2013 pr\u00edprava <strong>media\u010dnej dohody<\/strong> medi\u00e1torom a jej podp\u00edsanie v\u0161etk\u00fdmi stranami, n\u00e1sledn\u00e9 ukon\u010denie medi\u00e1cie z\u00e1pisom do knihy medi\u00e1ci\u00ed.<\/li>\n\n\n\n<li>Nedosiahnutie dohody \u2013 ukon\u010denie medi\u00e1cie z\u00e1pisom do knihy medi\u00e1ci\u00ed s kr\u00e1tkym zd\u00f4vodnen\u00edm nedosiahnutia dohody.<\/li>\n<\/ul>\n<\/li>\n<\/ul>\n\n\n\n<p style=\"font-size:0.9rem\">Inform\u00e1cie vy\u0161\u0161ie s\u00fa s\u00fa\u010das\u0165ou ka\u017edej na\u0161ej Dohody o&nbsp;za\u010dat\u00ed medi\u00e1cie ako <strong>Pou\u010denie os\u00f4b z\u00fa\u010dastnen\u00fdch na medi\u00e1ci\u00ed<\/strong> (vy\u0161\u0161ie ako \u201e\u00da\u010dastn\u00edci medi\u00e1cie) pod\u013ea z\u00e1kona \u010d. 420\/2004 Z. z. o medi\u00e1cii a o doplnen\u00ed niektor\u00fdch z\u00e1konov (vy\u0161\u0161ie ako \u201eZ\u00e1kon o&nbsp;medi\u00e1cii\u201c).<\/p>\n","protected":false},"excerpt":{"rendered":"<p>Mgr. J\u00e1n \u010catlo\u0161, MBA, LL.M. &#8211; MediCatlos.sk D\u00f4le\u017eit\u00e9 inform\u00e1cie s&nbsp;ktor\u00fdmi je potrebn\u00e9 sa obozn\u00e1mi\u0165 e\u0161te pred za\u010dat\u00edm medi\u00e1cie Vzorov\u00fd priebeh medi\u00e1cie: Inform\u00e1cie vy\u0161\u0161ie s\u00fa s\u00fa\u010das\u0165ou ka\u017edej na\u0161ej Dohody o&nbsp;za\u010dat\u00ed medi\u00e1cie ako Pou\u010denie os\u00f4b z\u00fa\u010dastnen\u00fdch na medi\u00e1ci\u00ed (vy\u0161\u0161ie ako \u201e\u00da\u010dastn\u00edci medi\u00e1cie) pod\u013ea z\u00e1kona \u010d. 420\/2004 Z. z. o medi\u00e1cii a o doplnen\u00ed niektor\u00fdch z\u00e1konov (vy\u0161\u0161ie ako [&hellip;]<\/p>\n","protected":false},"author":1,"featured_media":0,"parent":0,"menu_order":0,"comment_status":"closed","ping_status":"closed","template":"page-large-header","meta":{"footnotes":""},"class_list":["post-346","page","type-page","status-publish","hentry"],"_links":{"self":[{"href":"https:\/\/www.medicatlos.sk\/index.php?rest_route=\/wp\/v2\/pages\/346","targetHints":{"allow":["GET"]}}],"collection":[{"href":"https:\/\/www.medicatlos.sk\/index.php?rest_route=\/wp\/v2\/pages"}],"about":[{"href":"https:\/\/www.medicatlos.sk\/index.php?rest_route=\/wp\/v2\/types\/page"}],"author":[{"embeddable":true,"href":"https:\/\/www.medicatlos.sk\/index.php?rest_route=\/wp\/v2\/users\/1"}],"replies":[{"embeddable":true,"href":"https:\/\/www.medicatlos.sk\/index.php?rest_route=%2Fwp%2Fv2%2Fcomments&post=346"}],"version-history":[{"count":38,"href":"https:\/\/www.medicatlos.sk\/index.php?rest_route=\/wp\/v2\/pages\/346\/revisions"}],"predecessor-version":[{"id":497,"href":"https:\/\/www.medicatlos.sk\/index.php?rest_route=\/wp\/v2\/pages\/346\/revisions\/497"}],"wp:attachment":[{"href":"https:\/\/www.medicatlos.sk\/index.php?rest_route=%2Fwp%2Fv2%2Fmedia&parent=346"}],"curies":[{"name":"wp","href":"https:\/\/api.w.org\/{rel}","templated":true}]}}