{"id":65,"date":"2022-10-30T10:58:58","date_gmt":"2022-10-30T10:58:58","guid":{"rendered":"https:\/\/www.medicatlos.sk\/?page_id=65"},"modified":"2024-11-23T12:43:38","modified_gmt":"2024-11-23T12:43:38","slug":"65-2","status":"publish","type":"page","link":"https:\/\/www.medicatlos.sk\/?page_id=65","title":{"rendered":"O nas"},"content":{"rendered":"\n<p class=\"has-large-font-size\"><strong>Mgr. J\u00e1n \u010catlo\u0161, MBA, LL.M.<\/strong> &#8211; MediCatlos.sk<\/p>\n\n\n\n<h2 class=\"wp-block-heading\"><strong><em>O n\u00e1s, na\u0161a ponuka<\/em><\/strong><\/h2>\n\n\n\n<div class=\"wp-block-columns alignwide is-layout-flex wp-container-core-columns-is-layout-28f84493 wp-block-columns-is-layout-flex\">\n<div class=\"wp-block-column is-layout-flow wp-block-column-is-layout-flow\" style=\"flex-basis:100%\">\n<div class=\"wp-block-columns is-layout-flex wp-container-core-columns-is-layout-28f84493 wp-block-columns-is-layout-flex\">\n<div class=\"wp-block-column is-layout-constrained wp-block-column-is-layout-constrained\">\n<div class=\"wp-block-columns is-layout-flex wp-container-core-columns-is-layout-28f84493 wp-block-columns-is-layout-flex\">\n<div class=\"wp-block-column is-layout-flow wp-block-column-is-layout-flow\" style=\"flex-basis:100%\">\n<p>Po\u010das mojej praxe v stavebnom a plyn\u00e1renskom priemysle som sa stret\u00e1val s mnoh\u00fdmi probl\u00e9mami vypl\u00fdvaj\u00facimi napr\u00edklad z nevhodn\u00e9ho technick\u00e9ho rie\u0161enia, \u010di s konfliktn\u00fdmi situ\u00e1ciami v pracovnej oblasti, sp\u00f4soben\u00fdmi neporozumen\u00edm a nedostato\u010dnou komunik\u00e1ciou z\u00fa\u010dastnen\u00fdch str\u00e1n. V\u010faka z\u00edskan\u00e9mu vzdelaniu a nadobudnut\u00fdm sk\u00fasenostiam sa <strong>s\u00fastre\u010fujem najm\u00e4 na medi\u00e1ciu<\/strong> v<\/p>\n\n\n\n<ul class=\"wp-block-list\">\n<li style=\"font-size:1.6rem\"><strong><strong>Rodinn\u00fdch sporoch<\/strong><\/strong><\/li>\n\n\n\n<li style=\"font-size:1.6rem\"><strong>Obchodn\u00fdch sporoch<\/strong><\/li>\n\n\n\n<li style=\"font-size:1.6rem\"><strong>Ob\u010dianskych sporoch<\/strong><\/li>\n\n\n\n<li style=\"font-size:1.6rem\"><strong><strong>Pracovn\u00fdch sporoch<\/strong><\/strong><\/li>\n<\/ul>\n\n\n\n<p>R\u00e1d V\u00e1m v\u0161ak pom\u00f4\u017eem aj pri rie\u0161en\u00ed sporov vznikaj\u00facich v <strong>\u0161kolskom prostred\u00ed<\/strong>.<\/p>\n\n\n\n<ul class=\"wp-block-list\">\n<li style=\"font-size:1.6rem\"><strong>Predmedia\u010dn\u00e1 konzult\u00e1cia<\/strong><\/li>\n<\/ul>\n\n\n\n<p>Pokia\u013e nem\u00e1te istotu, \u010di je V\u00e1\u0161 probl\u00e9m vhodn\u00e9 vyrie\u0161i\u0165 pr\u00e1ve medi\u00e1ciou, alebo m\u00e1te v pr\u00edpade zvolenia si medi\u00e1cie strach z reakcie protistrany, \u010di in\u00e9 obavy, pon\u00fakame V\u00e1m <strong>predmedia\u010dn\u00fa konzult\u00e1ciu<\/strong>. Po\u010das tohto stretnutia (preferujem osobn\u00e9 stretnutie) si podrobne rozoberieme v\u0161etky aspekty media\u010dn\u00e9ho procesu, mo\u017enosti \u010fal\u0161ieho rie\u0161enia a z nich vypl\u00fdvaj\u00face d\u00f4sledky tak, aby ste sa mohli slobodne rozhodn\u00fa\u0165, ako \u010falej postupova\u0165.<\/p>\n\n\n\n<ul class=\"wp-block-list\">\n<li style=\"font-size:1.6rem\">Vedenie medi\u00e1cie v <strong>anglickom jazyku<\/strong><\/li>\n<\/ul>\n\n\n\n<p>Nako\u013eko m\u00e1m \u0161t\u00e1tnu jazykov\u00fa sk\u00fa\u0161ku z angli\u010dtiny, pon\u00fakam vedenie medi\u00e1cie aj v tomto jazyku. Aj tak\u00e1to medi\u00e1cia sa st\u00e1le riadi ustanoveniami Z\u00e1kona o medi\u00e1ci\u00ed \u010d. 420\/2004 Z. z.. <\/p>\n\n\n\n<figure class=\"wp-block-image size-large\"><img loading=\"lazy\" decoding=\"async\" width=\"1024\" height=\"1\" src=\"http:\/\/www.medicatlos.sk\/wp-content\/uploads\/2023\/05\/Ciara-tenka-1024x1.jpg\" alt=\"\" class=\"wp-image-246\" srcset=\"https:\/\/www.medicatlos.sk\/wp-content\/uploads\/2023\/05\/Ciara-tenka-1024x1.jpg 1024w, https:\/\/www.medicatlos.sk\/wp-content\/uploads\/2023\/05\/Ciara-tenka-300x1.jpg 300w, https:\/\/www.medicatlos.sk\/wp-content\/uploads\/2023\/05\/Ciara-tenka-150x1.jpg 150w, https:\/\/www.medicatlos.sk\/wp-content\/uploads\/2023\/05\/Ciara-tenka-768x1.jpg 768w, https:\/\/www.medicatlos.sk\/wp-content\/uploads\/2023\/05\/Ciara-tenka.bmp 1418w\" sizes=\"auto, (max-width: 1024px) 100vw, 1024px\" \/><\/figure>\n<\/div>\n<\/div>\n<\/div>\n<\/div>\n<\/div>\n<\/div>\n\n\n\n<div class=\"wp-block-columns alignwide is-layout-flex wp-container-core-columns-is-layout-28f84493 wp-block-columns-is-layout-flex\">\n<div class=\"wp-block-column is-layout-flow wp-block-column-is-layout-flow\" style=\"flex-basis:100%\">\n<div class=\"wp-block-columns is-layout-flex wp-container-core-columns-is-layout-28f84493 wp-block-columns-is-layout-flex\">\n<div class=\"wp-block-column is-vertically-aligned-top is-layout-constrained wp-block-column-is-layout-constrained\">\n<div class=\"wp-block-columns is-layout-flex wp-container-core-columns-is-layout-28f84493 wp-block-columns-is-layout-flex\">\n<div class=\"wp-block-column is-layout-flow wp-block-column-is-layout-flow\" style=\"flex-basis:100%\">\n<p>A pre\u010do vlastne hovor\u00edme o <strong>vylie\u010den\u00ed <\/strong>sporov medi\u00e1ciou a nie len o ich <strong>vyrie\u0161en\u00ed<\/strong>? Preto\u017ee medi\u00e1cia pon\u00faka viac, ako len form\u00e1lne ukon\u010denie sporu. Medi\u00e1cia d\u00e1va \u00fa\u010dastn\u00edkom mo\u017enos\u0165 dosiahnu\u0165 dohodu tak\u00fdm sp\u00f4sobom, ktor\u00fd obnovuje zni\u010den\u00e9, \u010di naru\u0161en\u00e9 vz\u0165ahy. Naviac fakt, \u017ee s uzavretou dohodou s\u00fa obidve strany stoto\u017enen\u00e9, je pr\u00eds\u013eubom \u017ee t\u00e1to dohoda bude aj v bud\u00facnosti dodr\u017eiavan\u00e1. Medi\u00e1cia v\u0161ak nie je terapiou, preto\u017ee sa s\u00fastred\u00ed na h\u013eadanie bud\u00faceho rie\u0161enia sporu a pr\u00edli\u0161 neanalyzuje \u201ekrivdy\u201c z minulosti.<\/p>\n<\/div>\n<\/div>\n<\/div>\n<\/div>\n<\/div>\n<\/div>\n\n\n\n\n\n<p class=\"has-text-align-center\" style=\"font-size:1.05rem\">V pr\u00edpade z\u00e1ujmu o Medi\u00e1ciu sa na n\u00e1s m\u00f4\u017eete obr\u00e1ti\u0165 prostredn\u00edctvom <strong><a href=\"https:\/\/www.medicatlos.sk\/?page_id=58\">kontaktov<\/a><\/strong> uveden\u00fdch na na\u0161ej str\u00e1nke.<\/p>\n","protected":false},"excerpt":{"rendered":"<p>Mgr. J\u00e1n \u010catlo\u0161, MBA, LL.M. &#8211; MediCatlos.sk O n\u00e1s, na\u0161a ponuka Po\u010das mojej praxe v stavebnom a plyn\u00e1renskom priemysle som sa stret\u00e1val s mnoh\u00fdmi probl\u00e9mami vypl\u00fdvaj\u00facimi napr\u00edklad z nevhodn\u00e9ho technick\u00e9ho rie\u0161enia, \u010di s konfliktn\u00fdmi situ\u00e1ciami v pracovnej oblasti, sp\u00f4soben\u00fdmi neporozumen\u00edm a nedostato\u010dnou komunik\u00e1ciou z\u00fa\u010dastnen\u00fdch str\u00e1n. V\u010faka z\u00edskan\u00e9mu vzdelaniu a nadobudnut\u00fdm sk\u00fasenostiam sa s\u00fastre\u010fujem najm\u00e4 na [&hellip;]<\/p>\n","protected":false},"author":1,"featured_media":0,"parent":0,"menu_order":0,"comment_status":"closed","ping_status":"closed","template":"page-large-header","meta":{"footnotes":""},"class_list":["post-65","page","type-page","status-publish","hentry"],"_links":{"self":[{"href":"https:\/\/www.medicatlos.sk\/index.php?rest_route=\/wp\/v2\/pages\/65","targetHints":{"allow":["GET"]}}],"collection":[{"href":"https:\/\/www.medicatlos.sk\/index.php?rest_route=\/wp\/v2\/pages"}],"about":[{"href":"https:\/\/www.medicatlos.sk\/index.php?rest_route=\/wp\/v2\/types\/page"}],"author":[{"embeddable":true,"href":"https:\/\/www.medicatlos.sk\/index.php?rest_route=\/wp\/v2\/users\/1"}],"replies":[{"embeddable":true,"href":"https:\/\/www.medicatlos.sk\/index.php?rest_route=%2Fwp%2Fv2%2Fcomments&post=65"}],"version-history":[{"count":60,"href":"https:\/\/www.medicatlos.sk\/index.php?rest_route=\/wp\/v2\/pages\/65\/revisions"}],"predecessor-version":[{"id":493,"href":"https:\/\/www.medicatlos.sk\/index.php?rest_route=\/wp\/v2\/pages\/65\/revisions\/493"}],"wp:attachment":[{"href":"https:\/\/www.medicatlos.sk\/index.php?rest_route=%2Fwp%2Fv2%2Fmedia&parent=65"}],"curies":[{"name":"wp","href":"https:\/\/api.w.org\/{rel}","templated":true}]}}